{"id":593,"date":"2022-02-19T16:51:00","date_gmt":"2022-02-19T16:51:00","guid":{"rendered":"https:\/\/startersites.io\/stagingthree\/?page_id=593"},"modified":"2025-12-16T01:28:58","modified_gmt":"2025-12-16T01:28:58","slug":"about","status":"publish","type":"page","link":"https:\/\/arsraf.com\/index.php\/about\/","title":{"rendered":"Hakk\u0131m\u0131zda"},"content":{"rendered":"\n<div class=\"wp-block-stackable-columns alignfull stk-block-columns stk-block stk-ea915db stk-block-background stk--has-background-overlay\" data-block-id=\"ea915db\"><style>.stk-ea915db {background-color:#000000 !important;background-image:url(https:\/\/arsraf.com\/wp-content\/uploads\/2025\/12\/Parlak-Sari-ve-Beyaz-Modern-Dinamik-Cerceveler-Facebook-Kapak-Fotografi-1-1.png) !important;padding-top:125px !important;padding-bottom:41px !important;margin-bottom:0px !important;}.stk-ea915db:before{background-color:#000000 !important;opacity:0.8 !important;}@media screen and (max-width:999px){.stk-ea915db {padding-top:200px !important;padding-bottom:250px !important;}}@media screen and (max-width:689px){.stk-ea915db {padding-top:68px !important;padding-bottom:68px !important;}}<\/style><div class=\"stk-row stk-inner-blocks has-text-align-center stk-block-content stk-content-align stk-ea915db-column\">\n<div class=\"wp-block-stackable-column stk-block-column stk-column stk-block stk-13ce343\" data-v=\"4\" data-block-id=\"13ce343\"><div class=\"stk-column-wrapper stk-block-column__content stk-container stk-13ce343-container stk--no-background stk--no-padding\"><div class=\"stk-block-content stk-inner-blocks stk-13ce343-inner-blocks\">\n<div class=\"wp-block-stackable-heading stk-block-heading stk-block-heading--v2 stk-block stk-273f963\" id=\"hakkimizda\" data-block-id=\"273f963\"><style>.stk-273f963 {margin-bottom:16px !important;}.stk-273f963 .stk-block-heading__text{font-size:90px !important;color:var(--theme-palette-color-8, #ffffff) !important;line-height:1.5em !important;}@media screen and (max-width:999px){.stk-273f963 .stk-block-heading__text{font-size:50px !important;}}@media screen and (max-width:689px){.stk-273f963 .stk-block-heading__text{font-size:33px !important;}}<\/style><h2 class=\"stk-block-heading__text has-text-color has-palette-color-8-color\">HAKKIMIZDA<\/h2><\/div>\n\n\n\n<div class=\"wp-block-stackable-text stk-block-text stk-block stk-bd90787\" data-block-id=\"bd90787\"><style>.stk-bd90787 {max-width:1000px !important;min-width:auto !important;margin-right:auto !important;margin-bottom:60px !important;margin-left:auto !important;}.stk-bd90787 .stk-block-text__text{color:var(--theme-palette-color-8, #ffffff) !important;}@media screen and (max-width:689px){.stk-bd90787 {margin-bottom:4px !important;}}<\/style><p class=\"stk-block-text__text has-text-color has-palette-color-8-color\">Depolama alanlar\u0131n\u0131z\u0131 g\u00fc\u00e7lendiren, dayan\u0131kl\u0131 ve y\u00fcksek ta\u015f\u0131ma kapasiteli a\u011f\u0131r y\u00fck raf sistemleri \u00fcretiyoruz. \u0130\u015fletmenize \u00f6zel \u00e7\u00f6z\u00fcmlerle verimi art\u0131r\u0131rken uzun \u00f6m\u00fcrl\u00fc ve g\u00fcvenli depolama yap\u0131lar\u0131 sunuyoruz.<\/p><\/div>\n<\/div><\/div><\/div>\n<\/div><\/div>\n\n\n\n<div class=\"wp-block-stackable-columns alignfull stk-block-columns stk-block stk-47f3fe7 stk-block-background\" data-block-id=\"47f3fe7\"><style>.stk-47f3fe7 {background-color:var(--theme-palette-color-1, #ffcd05) !important;padding-top:22px !important;padding-right:0px !important;padding-bottom:24px !important;padding-left:0px !important;margin-bottom:0px !important;}.stk-47f3fe7:before{background-color:var(--theme-palette-color-1, #ffcd05) !important;}@media screen and (max-width:999px){.stk-47f3fe7 {padding-top:80px !important;padding-bottom:80px !important;}}@media screen and (max-width:689px){.stk-47f3fe7 {padding-top:22px !important;padding-bottom:70px !important;}}<\/style><div class=\"stk-row stk-inner-blocks has-text-align-center stk-block-content stk-content-align stk-47f3fe7-column\">\n<div class=\"wp-block-stackable-column stk-block-column stk-column stk-block stk-18d875a\" data-v=\"4\" data-block-id=\"18d875a\"><style>.stk-18d875a-container{margin-top:0px !important;margin-right:0px !important;margin-bottom:0px !important;margin-left:0px !important;}<\/style><div class=\"stk-column-wrapper stk-block-column__content stk-container stk-18d875a-container stk--no-background stk--no-padding\"><div class=\"stk-block-content stk-inner-blocks stk-18d875a-inner-blocks\">\n<div class=\"wp-block-stackable-spacer stk-block-spacer stk--no-padding stk-block stk-54e71a5\" data-block-id=\"54e71a5\"><style>.stk-54e71a5 {height:14px !important;}<\/style><\/div>\n\n\n\n<div class=\"wp-block-stackable-columns stk-block-columns stk-block stk-80e42ed\" data-block-id=\"80e42ed\"><style>.stk-80e42ed-column{--stk-column-gap:35px !important;row-gap:50px !important;}<\/style><div class=\"stk-row stk-inner-blocks stk-block-content stk-content-align stk-80e42ed-column\">\n<div class=\"wp-block-stackable-column stk-block-column stk-column stk-block stk-6009f78\" data-v=\"4\" data-block-id=\"6009f78\"><style>.stk-6009f78-container{margin-top:0px !important;margin-right:0px !important;margin-bottom:0px !important;margin-left:0px !important;}@media screen and (min-width:690px) and (max-width:999px){.stk-6009f78 {flex:var(--stk-flex-grow, 1) 1 calc(50% - var(--stk-column-gap, 0px) * 1 \/ 2 ) !important;}}<\/style><div class=\"stk-column-wrapper stk-block-column__content stk-container stk-6009f78-container stk--no-background stk--no-padding\"><div class=\"stk-block-content stk-inner-blocks stk-6009f78-inner-blocks\">\n<div class=\"wp-block-stackable-image stk-block-image stk-block stk-f19d6c3\" data-block-id=\"f19d6c3\"><style>.stk-f19d6c3 .stk-img-wrapper{width:60px !important;}@media screen and (max-width:689px){.stk-f19d6c3 .stk-img-wrapper{width:40px !important;}}<\/style><figure><span class=\"stk-img-wrapper stk-image--shape-stretch\"><img loading=\"lazy\" decoding=\"async\" class=\"stk-img wp-image-942\" src=\"https:\/\/arsraf.com\/wp-content\/uploads\/2022\/04\/about-icon-1.svg\" width=\"60\" height=\"300\"\/><\/span><\/figure><\/div>\n\n\n\n<div class=\"wp-block-stackable-count-up stk-block-count-up stk-block stk-f96bcc6\" data-block-id=\"f96bcc6\"><style>.stk-f96bcc6 {margin-bottom:16px !important;}.stk-f96bcc6 .stk-block-count-up__text{font-size:70px !important;color:var(--theme-palette-color-4, #111518) !important;line-height:1em !important;font-family:\"Yeseva One\", Sans-serif !important;}@media screen and (max-width:999px){.stk-f96bcc6 .stk-block-count-up__text{font-size:50px !important;}}<\/style><div class=\"stk-block-count-up__text has-text-color has-palette-color-4-color\">580<\/div><\/div>\n\n\n\n<div class=\"wp-block-stackable-heading stk-block-heading stk-block-heading--v2 stk-block stk-b59d756\" id=\"tamamlanan-proje\" data-block-id=\"b59d756\"><style>@media screen and (max-width:999px){.stk-b59d756 .stk-block-heading__text{font-size:20px !important;}}<\/style><h4 class=\"stk-block-heading__text\">Tamamlanan Proje<\/h4><\/div>\n<\/div><\/div><\/div>\n\n\n\n<div class=\"wp-block-stackable-column stk-block-column stk-column stk-block stk-d1cf4ca\" data-v=\"4\" data-block-id=\"d1cf4ca\"><style>.stk-d1cf4ca-container{margin-top:0px !important;margin-right:0px !important;margin-bottom:0px !important;margin-left:0px !important;}@media screen and (min-width:690px) and (max-width:999px){.stk-d1cf4ca {flex:var(--stk-flex-grow, 1) 1 calc(50% - var(--stk-column-gap, 0px) * 1 \/ 2 ) !important;}}<\/style><div class=\"stk-column-wrapper stk-block-column__content stk-container stk-d1cf4ca-container stk--no-background stk--no-padding\"><div class=\"stk-block-content stk-inner-blocks stk-d1cf4ca-inner-blocks\">\n<div class=\"wp-block-stackable-image stk-block-image stk-block stk-eba37c9\" data-block-id=\"eba37c9\"><style>.stk-eba37c9 .stk-img-wrapper{width:60px !important;}@media screen and (max-width:689px){.stk-eba37c9 .stk-img-wrapper{width:40px !important;}}<\/style><figure><span class=\"stk-img-wrapper stk-image--shape-stretch\"><img loading=\"lazy\" decoding=\"async\" class=\"stk-img wp-image-943\" src=\"https:\/\/arsraf.com\/wp-content\/uploads\/2022\/04\/about-icon-2.svg\" width=\"60\" height=\"300\"\/><\/span><\/figure><\/div>\n\n\n\n<div class=\"wp-block-stackable-count-up stk-block-count-up stk-block stk-bd7f265\" data-block-id=\"bd7f265\"><style>.stk-bd7f265 {margin-bottom:16px !important;}.stk-bd7f265 .stk-block-count-up__text{font-size:70px !important;color:var(--theme-palette-color-4, #111518) !important;line-height:1em !important;font-family:\"Yeseva One\", Sans-serif !important;}@media screen and (max-width:999px){.stk-bd7f265 .stk-block-count-up__text{font-size:50px !important;}}<\/style><div class=\"stk-block-count-up__text has-text-color has-palette-color-4-color\">980<\/div><\/div>\n\n\n\n<div class=\"wp-block-stackable-heading stk-block-heading stk-block-heading--v2 stk-block stk-3038fbb\" id=\"mutlu-musteri\" data-block-id=\"3038fbb\"><style>@media screen and (max-width:999px){.stk-3038fbb .stk-block-heading__text{font-size:20px !important;}}<\/style><h4 class=\"stk-block-heading__text\">Mutlu M\u00fc\u015fteri<\/h4><\/div>\n<\/div><\/div><\/div>\n\n\n\n<div class=\"wp-block-stackable-column stk-block-column stk-column stk-block stk-87e57c9\" data-v=\"4\" data-block-id=\"87e57c9\"><style>.stk-87e57c9-container{margin-top:0px !important;margin-right:0px !important;margin-bottom:0px !important;margin-left:0px !important;}@media screen and (min-width:690px) and (max-width:999px){.stk-87e57c9 {flex:var(--stk-flex-grow, 1) 1 calc(50% - var(--stk-column-gap, 0px) * 1 \/ 2 ) !important;}}<\/style><div class=\"stk-column-wrapper stk-block-column__content stk-container stk-87e57c9-container stk--no-background stk--no-padding\"><div class=\"stk-block-content stk-inner-blocks stk-87e57c9-inner-blocks\">\n<div class=\"wp-block-stackable-image stk-block-image stk-block stk-69b1a4f\" data-block-id=\"69b1a4f\"><style>.stk-69b1a4f .stk-img-wrapper{width:60px !important;}@media screen and (max-width:689px){.stk-69b1a4f .stk-img-wrapper{width:40px !important;}}<\/style><figure><span class=\"stk-img-wrapper stk-image--shape-stretch\"><img loading=\"lazy\" decoding=\"async\" class=\"stk-img wp-image-945\" src=\"https:\/\/arsraf.com\/wp-content\/uploads\/2022\/04\/about-icon-3.svg\" width=\"60\" height=\"300\"\/><\/span><\/figure><\/div>\n\n\n\n<div class=\"wp-block-stackable-count-up stk-block-count-up stk-block stk-26f28de\" data-block-id=\"26f28de\"><style>.stk-26f28de {margin-bottom:16px !important;}.stk-26f28de .stk-block-count-up__text{font-size:70px !important;color:var(--theme-palette-color-4, #111518) !important;line-height:1em !important;font-family:\"Yeseva One\", Sans-serif !important;}@media screen and (max-width:999px){.stk-26f28de .stk-block-count-up__text{font-size:50px !important;}}<\/style><div class=\"stk-block-count-up__text has-text-color has-palette-color-4-color\">987<\/div><\/div>\n\n\n\n<div class=\"wp-block-stackable-heading stk-block-heading stk-block-heading--v2 stk-block stk-7c6a37a\" id=\"urun-cesidi\" data-block-id=\"7c6a37a\"><style>@media screen and (max-width:999px){.stk-7c6a37a .stk-block-heading__text{font-size:20px !important;}}<\/style><h4 class=\"stk-block-heading__text\">\u00dcr\u00fcn \u00c7e\u015fidi<\/h4><\/div>\n<\/div><\/div><\/div>\n\n\n\n<div class=\"wp-block-stackable-column stk-block-column stk-column stk-block stk-027021a\" data-v=\"4\" data-block-id=\"027021a\"><style>.stk-027021a-container{margin-top:0px !important;margin-right:0px !important;margin-bottom:0px !important;margin-left:0px !important;}@media screen and (min-width:690px) and (max-width:999px){.stk-027021a {flex:var(--stk-flex-grow, 1) 1 calc(50% - var(--stk-column-gap, 0px) * 1 \/ 2 ) !important;}}<\/style><div class=\"stk-column-wrapper stk-block-column__content stk-container stk-027021a-container stk--no-background stk--no-padding\"><div class=\"stk-block-content stk-inner-blocks stk-027021a-inner-blocks\">\n<div class=\"wp-block-stackable-image stk-block-image stk-block stk-2de7d3e\" data-block-id=\"2de7d3e\"><style>.stk-2de7d3e .stk-img-wrapper{width:60px !important;}<\/style><figure><span class=\"stk-img-wrapper stk-image--shape-stretch\"><img loading=\"lazy\" decoding=\"async\" class=\"stk-img wp-image-946\" src=\"https:\/\/arsraf.com\/wp-content\/uploads\/2022\/04\/about-icon-4.svg\" width=\"60\" height=\"300\"\/><\/span><\/figure><\/div>\n\n\n\n<div class=\"wp-block-stackable-count-up stk-block-count-up stk-block stk-b617962\" data-block-id=\"b617962\"><style>.stk-b617962 {margin-bottom:16px !important;}.stk-b617962 .stk-block-count-up__text{font-size:70px !important;color:var(--theme-palette-color-4, #111518) !important;line-height:1em !important;font-family:\"Yeseva One\", Sans-serif !important;}@media screen and (max-width:999px){.stk-b617962 .stk-block-count-up__text{font-size:50px !important;}}<\/style><div class=\"stk-block-count-up__text has-text-color has-palette-color-4-color\">320<\/div><\/div>\n\n\n\n<div class=\"wp-block-stackable-heading stk-block-heading stk-block-heading--v2 stk-block stk-3a0652d\" id=\"hizmet-verilen-bolge-firma\" data-block-id=\"3a0652d\"><style>@media screen and (max-width:999px){.stk-3a0652d .stk-block-heading__text{font-size:20px !important;}}<\/style><h4 class=\"stk-block-heading__text\">Hizmet Verilen B\u00f6lge \/ Firma<\/h4><\/div>\n<\/div><\/div><\/div>\n<\/div><\/div>\n<\/div><\/div><\/div>\n<\/div><\/div>\n\n\n\n<div class=\"wp-block-stackable-spacer stk-block-spacer stk--no-padding stk-block stk-6a8268d\" data-block-id=\"6a8268d\"><style>.stk-6a8268d {height:0px !important;}@media screen and (max-width:999px){.stk-6a8268d {height:80px !important;}}@media screen and (max-width:689px){.stk-6a8268d {height:26px !important;}}<\/style><\/div>\n\n\n\n<div class=\"wp-block-stackable-columns alignfull stk-block-columns stk-block stk-47369fb\" data-block-id=\"47369fb\"><style>.stk-47369fb .stk--block-align-47369fb{align-items:center !important;}.stk-47369fb {margin-bottom:0px !important;}.stk-47369fb-column{--stk-column-gap:50px !important;row-gap:50px !important;}<\/style><div class=\"stk-row stk-inner-blocks stk--block-align-47369fb stk-block-content stk-content-align stk-47369fb-column\">\n<div class=\"wp-block-stackable-column stk-block-column stk-column stk-block stk-1da631d\" data-v=\"4\" data-block-id=\"1da631d\"><style>.stk-1da631d-container{margin-top:0px !important;margin-right:0px !important;margin-bottom:0px !important;margin-left:0px !important;}@media screen and (min-width:690px){.stk-1da631d {flex:var(--stk-flex-grow, 1) 1 calc(45.29999999999998% - var(--stk-column-gap, 0px) * 1 \/ 2 ) !important;}}<\/style><div class=\"stk-column-wrapper stk-block-column__content stk-container stk-1da631d-container stk--no-background stk--no-padding\"><div class=\"stk-block-content stk-inner-blocks stk-1da631d-inner-blocks\">\n<div class=\"wp-block-stackable-heading stk-block-heading stk-block-heading--v2 stk-block stk-ad9fe3a\" id=\"depo-ve-raf-cozumlerinde-uzman-ekibimizle-hizmetinizdeyiz\" data-block-id=\"ad9fe3a\"><style>.stk-ad9fe3a {margin-bottom:35px !important;}.stk-ad9fe3a .stk-block-heading__text{font-size:40px !important;line-height:1.2em !important;}@media screen and (max-width:999px){.stk-ad9fe3a .stk-block-heading__text{font-size:30px !important;}}<\/style><h2 class=\"stk-block-heading__text has-text-align-center-mobile\">\u201cDepo ve Raf \u00c7\u00f6z\u00fcmlerinde Uzman Ekibimizle Hizmetinizdeyiz\u201d<\/h2><\/div>\n\n\n\n<div class=\"wp-block-stackable-text stk-block-text stk-block stk-84cc78f\" data-block-id=\"84cc78f\"><p class=\"stk-block-text__text has-text-align-center-mobile\">ARS RAF olarak i\u015fletmenizin ihtiyac\u0131na uygun, dayan\u0131kl\u0131 ve uzun \u00f6m\u00fcrl\u00fc raf \u00e7\u00f6z\u00fcmleri \u00fcretiyoruz. S\u0131f\u0131r ve 2. el raf modellerimiz ile depolama alanlar\u0131n\u0131z\u0131 en verimli \u015fekilde d\u00fczenlemenize yard\u0131mc\u0131 oluyoruz.<br>Projelendirme, \u00fcretim, montaj ve teknik destek s\u00fcre\u00e7lerinin tamam\u0131nda yan\u0131n\u0131zday\u0131z.<br>Raf sistemleriyle ilgili t\u00fcm sorular\u0131n\u0131z i\u00e7in <strong>7\/24 bizimle ileti\u015fime ge\u00e7ebilirsiniz.<\/strong><\/p><\/div>\n<\/div><\/div><\/div>\n\n\n\n<div class=\"wp-block-stackable-column stk-block-column stk-column stk-block stk-43cb914\" data-v=\"4\" data-block-id=\"43cb914\"><style>.stk-43cb914-container{margin-top:0px !important;margin-right:0px !important;margin-bottom:0px !important;margin-left:0px !important;}@media screen and (min-width:690px){.stk-43cb914 {flex:var(--stk-flex-grow, 1) 1 calc(54.7% - var(--stk-column-gap, 0px) * 1 \/ 2 ) !important;}}<\/style><div class=\"stk-column-wrapper stk-block-column__content stk-container stk-43cb914-container stk--no-background stk--no-padding\"><div class=\"stk-block-content stk-inner-blocks stk-43cb914-inner-blocks\">\n<div class=\"wp-block-stackable-video-popup stk-block-video-popup stk-block stk-f59fcda\" data-video=\"https:\/\/youtu.be\/eLTfGT-_vKE\" data-block-id=\"f59fcda\"><style>.stk-f59fcda {border-top-left-radius:5px !important;border-top-right-radius:5px !important;border-bottom-right-radius:5px !important;border-bottom-left-radius:5px !important;overflow:hidden !important;padding-top:0px !important;padding-right:0px !important;padding-left:0px !important;}<\/style><div class=\"stk-block-video-popup__overlay stk-row stk-inner-blocks stk-block-content stk-hover-parent\" aria-label=\"Play Video\" tabindex=\"0\" role=\"button\">\n<div class=\"wp-block-stackable-image stk-block-image stk-block stk-8b788fc\" data-block-id=\"8b788fc\"><style>.stk-8b788fc .stk-img-wrapper{width:100% !important;height:499px !important;}@media screen and (max-width:689px){.stk-8b788fc .stk-img-wrapper{width:100% !important;height:363px !important;}}<\/style><figure><span class=\"stk-img-wrapper stk-image--shape-stretch\"><img loading=\"lazy\" decoding=\"async\" class=\"stk-img wp-image-1007\" src=\"https:\/\/arsraf.com\/wp-content\/uploads\/2025\/12\/WhatsApp-Image-2025-12-11-at-05.12.50.jpeg\" width=\"768\" height=\"1024\" srcset=\"https:\/\/arsraf.com\/wp-content\/uploads\/2025\/12\/WhatsApp-Image-2025-12-11-at-05.12.50.jpeg 768w, https:\/\/arsraf.com\/wp-content\/uploads\/2025\/12\/WhatsApp-Image-2025-12-11-at-05.12.50-225x300.jpeg 225w\" sizes=\"auto, (max-width: 768px) 100vw, 768px\" \/><\/span><\/figure><\/div>\n<\/div><\/div>\n<\/div><\/div><\/div>\n<\/div><\/div>\n\n\n\n<div class=\"wp-block-stackable-spacer stk-block-spacer stk--no-padding stk-block stk-0c5a20f\" data-block-id=\"0c5a20f\"><style>.stk-0c5a20f {height:14px !important;}@media screen and (max-width:999px){.stk-0c5a20f {height:80px !important;}}@media screen and (max-width:689px){.stk-0c5a20f {height:24px !important;}}<\/style><\/div>\n\n\n\n<div class=\"wp-block-stackable-columns alignfull stk-block-columns stk-block stk-80c3c8a ct-mobile-order\" data-block-id=\"80c3c8a\"><style>.stk-80c3c8a .stk--block-align-80c3c8a{align-items:center !important;}.stk-80c3c8a {margin-bottom:0px !important;}.stk-80c3c8a-column{--stk-column-gap:50px !important;row-gap:50px !important;}<\/style><div class=\"stk-row stk-inner-blocks stk--block-align-80c3c8a stk-block-content stk-content-align stk-80c3c8a-column\">\n<div class=\"wp-block-stackable-column stk-block-column stk-column stk-block stk-67a427e\" data-v=\"4\" data-block-id=\"67a427e\"><style>.stk-67a427e-container{margin-top:0px !important;margin-right:0px !important;margin-bottom:0px !important;margin-left:0px !important;}<\/style><div class=\"stk-column-wrapper stk-block-column__content stk-container stk-67a427e-container stk--no-background stk--no-padding\"><div class=\"stk-block-content stk-inner-blocks stk-67a427e-inner-blocks\">\n<div class=\"wp-block-stackable-video-popup stk-block-video-popup stk-block stk-d6aea56\" data-video=\"https:\/\/youtu.be\/eLTfGT-_vKE\" data-block-id=\"d6aea56\"><style>.stk-d6aea56 {border-top-left-radius:5px !important;border-top-right-radius:5px !important;border-bottom-right-radius:5px !important;border-bottom-left-radius:5px !important;overflow:hidden !important;padding-top:0px !important;padding-right:0px !important;padding-left:0px !important;}<\/style><div class=\"stk-block-video-popup__overlay stk-row stk-inner-blocks stk-block-content stk-hover-parent\" aria-label=\"Play Video\" tabindex=\"0\" role=\"button\">\n<div class=\"wp-block-stackable-image stk-block-image stk-block stk-aef0d40\" data-block-id=\"aef0d40\"><figure><span class=\"stk-img-wrapper stk-image--shape-stretch\"><img loading=\"lazy\" decoding=\"async\" class=\"stk-img wp-image-1087\" src=\"https:\/\/arsraf.com\/wp-content\/uploads\/2025\/12\/LOGOLAR-88.png\" width=\"1262\" height=\"816\" srcset=\"https:\/\/arsraf.com\/wp-content\/uploads\/2025\/12\/LOGOLAR-88.png 1262w, https:\/\/arsraf.com\/wp-content\/uploads\/2025\/12\/LOGOLAR-88-300x194.png 300w, https:\/\/arsraf.com\/wp-content\/uploads\/2025\/12\/LOGOLAR-88-1024x662.png 1024w, https:\/\/arsraf.com\/wp-content\/uploads\/2025\/12\/LOGOLAR-88-768x497.png 768w\" sizes=\"auto, (max-width: 1262px) 100vw, 1262px\" \/><\/span><\/figure><\/div>\n<\/div><\/div>\n<\/div><\/div><\/div>\n\n\n\n<div class=\"wp-block-stackable-column stk-block-column stk-column stk-block stk-3a8c4eb\" data-v=\"4\" data-block-id=\"3a8c4eb\"><style>.stk-3a8c4eb-container{margin-top:0px !important;margin-right:0px !important;margin-bottom:0px !important;margin-left:0px !important;}<\/style><div class=\"stk-column-wrapper stk-block-column__content stk-container stk-3a8c4eb-container stk--no-background stk--no-padding\"><div class=\"stk-block-content stk-inner-blocks stk-3a8c4eb-inner-blocks\">\n<div class=\"wp-block-stackable-heading stk-block-heading stk-block-heading--v2 stk-block stk-03e6813\" id=\"guclu-ekibimizle-kaliteli-raf-cozumleri-uretiyoruz\" data-block-id=\"03e6813\"><style>.stk-03e6813 {margin-bottom:35px !important;}.stk-03e6813 .stk-block-heading__text{font-size:40px !important;line-height:1.2em !important;}@media screen and (max-width:999px){.stk-03e6813 .stk-block-heading__text{font-size:30px !important;}}<\/style><h2 class=\"stk-block-heading__text has-text-align-center-mobile\">G\u00fc\u00e7l\u00fc Ekibimizle Kaliteli Raf \u00c7\u00f6z\u00fcmleri \u00dcretiyoruz.<\/h2><\/div>\n\n\n\n<div class=\"wp-block-stackable-text stk-block-text stk-block stk-c3964c9\" data-block-id=\"c3964c9\"><p class=\"stk-block-text__text has-text-align-center-mobile\">Firmam\u0131z, end\u00fcstriyel depolama \u00e7\u00f6z\u00fcmleri alan\u0131nda uzmanla\u015fm\u0131\u015f, kaliteli ve uzun \u00f6m\u00fcrl\u00fc <strong>\u00e7elik raf sistemleri<\/strong> \u00fcretimiyle sekt\u00f6rde g\u00fcvenilir bir marka haline gelmi\u015ftir. Kuruldu\u011fumuz g\u00fcnden bu yana m\u00fc\u015fteri memnuniyetini \u00f6n planda tutarak, ergonomik tasar\u0131mlar ve dayan\u0131kl\u0131 yap\u0131larla depo, ar\u015fiv, market, lojistik ve sanayi alanlar\u0131nda \u00f6zel \u00e7\u00f6z\u00fcmler sunuyoruz.Modern \u00fcretim tesislerimizde en yeni teknolojileri kullanarak, hem yerli hem de uluslararas\u0131 standartlara uygun \u00fcr\u00fcnler \u00fcretiyor; farkl\u0131 sekt\u00f6rlerden gelen ihtiya\u00e7lara esnek \u00e7\u00f6z\u00fcmler geli\u015ftiriyoruz. Deneyimli m\u00fchendis ve teknik ekibimizle, projelendirmeden montaja kadar her a\u015famada profesyonel destek sa\u011fl\u0131yoruz. Bug\u00fcne kadar y\u00fczlerce projede yer alarak, <strong>y\u00fcksek ta\u015f\u0131ma kapasiteli, g\u00fcvenli ve mod\u00fcler raf sistemleri<\/strong> ile i\u015fletmelere verimli depolama alanlar\u0131 kazand\u0131rd\u0131k. S\u00fcrekli geli\u015fen hizmet anlay\u0131\u015f\u0131m\u0131z ve yenilik\u00e7i bak\u0131\u015f a\u00e7\u0131m\u0131zla, sekt\u00f6rdeki \u00f6nc\u00fc konumumuzu daha da ileriye ta\u015f\u0131may\u0131 hedefliyoruz.<\/p><\/div>\n<\/div><\/div><\/div>\n<\/div><\/div>\n","protected":false},"excerpt":{"rendered":"<p>HAKKIMIZDA Depolama alanlar\u0131n\u0131z\u0131 g\u00fc\u00e7lendiren, dayan\u0131kl\u0131 ve y\u00fcksek ta\u015f\u0131ma kapasiteli a\u011f\u0131r y\u00fck raf sistemleri \u00fcretiyoruz. \u0130\u015fletmenize \u00f6zel \u00e7\u00f6z\u00fcmlerle verimi art\u0131r\u0131rken uzun \u00f6m\u00fcrl\u00fc ve g\u00fcvenli depolama yap\u0131lar\u0131 sunuyoruz. 580 Tamamlanan Proje 980 Mutlu M\u00fc\u015fteri 987 \u00dcr\u00fcn \u00c7e\u015fidi 320 Hizmet Verilen B\u00f6lge \/ Firma \u201cDepo ve Raf \u00c7\u00f6z\u00fcmlerinde Uzman Ekibimizle Hizmetinizdeyiz\u201d ARS RAF olarak i\u015fletmenizin ihtiyac\u0131na uygun, dayan\u0131kl\u0131 [&hellip;]<\/p>\n","protected":false},"author":1,"featured_media":980,"parent":0,"menu_order":0,"comment_status":"closed","ping_status":"closed","template":"","meta":{"footnotes":""},"class_list":["post-593","page","type-page","status-publish","has-post-thumbnail","hentry"],"blocksy_meta":{"styles_descriptor":{"styles":{"desktop":"","tablet":"","mobile":""},"google_fonts":[],"version":6}},"_links":{"self":[{"href":"https:\/\/arsraf.com\/index.php\/wp-json\/wp\/v2\/pages\/593","targetHints":{"allow":["GET"]}}],"collection":[{"href":"https:\/\/arsraf.com\/index.php\/wp-json\/wp\/v2\/pages"}],"about":[{"href":"https:\/\/arsraf.com\/index.php\/wp-json\/wp\/v2\/types\/page"}],"author":[{"embeddable":true,"href":"https:\/\/arsraf.com\/index.php\/wp-json\/wp\/v2\/users\/1"}],"replies":[{"embeddable":true,"href":"https:\/\/arsraf.com\/index.php\/wp-json\/wp\/v2\/comments?post=593"}],"version-history":[{"count":14,"href":"https:\/\/arsraf.com\/index.php\/wp-json\/wp\/v2\/pages\/593\/revisions"}],"predecessor-version":[{"id":1109,"href":"https:\/\/arsraf.com\/index.php\/wp-json\/wp\/v2\/pages\/593\/revisions\/1109"}],"wp:featuredmedia":[{"embeddable":true,"href":"https:\/\/arsraf.com\/index.php\/wp-json\/wp\/v2\/media\/980"}],"wp:attachment":[{"href":"https:\/\/arsraf.com\/index.php\/wp-json\/wp\/v2\/media?parent=593"}],"curies":[{"name":"wp","href":"https:\/\/api.w.org\/{rel}","templated":true}]}}